{"id":1064,"date":"2023-01-09T13:14:04","date_gmt":"2023-01-09T13:14:04","guid":{"rendered":"https:\/\/new.mgcredit.cz\/?page_id=1064"},"modified":"2023-01-09T13:17:55","modified_gmt":"2023-01-09T13:17:55","slug":"prohlaseni","status":"publish","type":"page","link":"https:\/\/www.mgcredit.cz\/index.php\/prohlaseni\/","title":{"rendered":"Prohlaseni"},"content":{"rendered":"\n<p>P\u0159i poskytov\u00e1n\u00ed na\u0161ich slu\u017eeb se v\u017edy sna\u017e\u00edme p\u0159ipravit pro klienta takov\u00e9 \u0159e\u0161en\u00ed, kter\u00e9 v\u00a0dan\u00e9m okam\u017eiku a\u00a0v\u00a0z\u00e1vislosti na informac\u00edch, kter\u00e9 m\u00e1me k\u00a0p\u0159\u00edslu\u0161n\u00e9mu okam\u017eiku k dispozici, pova\u017eujeme za nejlep\u0161\u00ed, bezpe\u010dn\u00e9 a udr\u017eiteln\u00e9.<\/p>\n\n\n\n<p>Toto, pros\u00edm, m\u011bjte na pam\u011bti, pokud budete v&nbsp;budoucnu n\u00e1mi doporu\u010den\u00e9 \u0159e\u0161en\u00ed hodnotit. Pokud nejsme stoprocentn\u011b p\u0159esv\u011bd\u010deni, \u017ee m\u016f\u017eeme klientovi pomoci s&nbsp;\u0159e\u0161en\u00edm jeho probl\u00e9m\u016f, spolupr\u00e1ci v\u016fbec nezah\u00e1j\u00edme, pop\u0159\u00edpad\u011b ji ukon\u010d\u00edme \u010di doporu\u010d\u00edme jej\u00ed \u0159e\u0161en\u00ed p\u0159\u00edslu\u0161n\u00fdm odborn\u00edkem. Nerozli\u0161ujeme na\u0161e klienty na mal\u00e9 a&nbsp;velk\u00e9, na v\u00edce d\u016fle\u017eit\u00e9 a&nbsp;m\u00e9n\u011b d\u016fle\u017eit\u00e9. Ka\u017ed\u00fd, kdo akceptuje na\u0161e podm\u00ednky, od n\u00e1s dostane maximum na\u0161ich schopnost\u00ed. Na\u0161e \u010dinnost je podnik\u00e1n\u00edm s&nbsp;c\u00edlem dosa\u017een\u00ed p\u0159im\u011b\u0159en\u00e9ho zisku. Cena za na\u0161e slu\u017eby mus\u00ed odr\u00e1\u017eet hodnotu poskytnut\u00fdch slu\u017eeb a&nbsp;z\u00e1rove\u0148 mus\u00ed b\u00fdt klientem pova\u017eov\u00e1na za odpov\u00eddaj\u00edc\u00ed. Chceme konkurovat p\u0159edev\u0161\u00edm kvalitou sv\u00fdch slu\u017eeb<\/p>\n","protected":false},"excerpt":{"rendered":"<p>P\u0159i poskytov\u00e1n\u00ed na\u0161ich slu\u017eeb se v\u017edy sna\u017e\u00edme p\u0159ipravit pro klienta takov\u00e9 \u0159e\u0161en\u00ed, kter\u00e9 v\u00a0dan\u00e9m okam\u017eiku a\u00a0v\u00a0z\u00e1vislosti na informac\u00edch, kter\u00e9 m\u00e1me k\u00a0p\u0159\u00edslu\u0161n\u00e9mu okam\u017eiku k dispozici, pova\u017eujeme za nejlep\u0161\u00ed, bezpe\u010dn\u00e9 a udr\u017eiteln\u00e9. Toto, pros\u00edm, m\u011bjte na pam\u011bti, pokud budete v&nbsp;budoucnu n\u00e1mi doporu\u010den\u00e9 \u0159e\u0161en\u00ed hodnotit. Pokud nejsme stoprocentn\u011b p\u0159esv\u011bd\u010deni, \u017ee m\u016f\u017eeme klientovi pomoci s&nbsp;\u0159e\u0161en\u00edm jeho probl\u00e9m\u016f, spolupr\u00e1ci v\u016fbec&hellip; <br \/> <a class=\"read-more\" href=\"https:\/\/www.mgcredit.cz\/index.php\/prohlaseni\/\">Read more<\/a><\/p>\n","protected":false},"author":1,"featured_media":0,"parent":0,"menu_order":0,"comment_status":"closed","ping_status":"closed","template":"pro\/page-templates\/boxed-page-with-small-header.php","meta":[],"_links":{"self":[{"href":"https:\/\/www.mgcredit.cz\/index.php\/wp-json\/wp\/v2\/pages\/1064"}],"collection":[{"href":"https:\/\/www.mgcredit.cz\/index.php\/wp-json\/wp\/v2\/pages"}],"about":[{"href":"https:\/\/www.mgcredit.cz\/index.php\/wp-json\/wp\/v2\/types\/page"}],"author":[{"embeddable":true,"href":"https:\/\/www.mgcredit.cz\/index.php\/wp-json\/wp\/v2\/users\/1"}],"replies":[{"embeddable":true,"href":"https:\/\/www.mgcredit.cz\/index.php\/wp-json\/wp\/v2\/comments?post=1064"}],"version-history":[{"count":1,"href":"https:\/\/www.mgcredit.cz\/index.php\/wp-json\/wp\/v2\/pages\/1064\/revisions"}],"predecessor-version":[{"id":1065,"href":"https:\/\/www.mgcredit.cz\/index.php\/wp-json\/wp\/v2\/pages\/1064\/revisions\/1065"}],"wp:attachment":[{"href":"https:\/\/www.mgcredit.cz\/index.php\/wp-json\/wp\/v2\/media?parent=1064"}],"curies":[{"name":"wp","href":"https:\/\/api.w.org\/{rel}","templated":true}]}}