{"id":806,"date":"2018-07-17T15:02:10","date_gmt":"2018-07-17T15:02:10","guid":{"rendered":"http:\/\/extendthemes.com\/demos\/mesmerize-pro-financial\/mesmerize-pro\/"},"modified":"2025-11-11T09:05:46","modified_gmt":"2025-11-11T09:05:46","slug":"mesmerize-pro","status":"publish","type":"page","link":"https:\/\/www.mgcredit.cz\/","title":{"rendered":"Front Page"},"content":{"rendered":"<div  id=\"cta-1\" class=\"cta-blue-section content-section content-section-spacing-medium bg-color1 white-text\" data-label=\"Cta\" data-id=\"cta--1\" data-export-id=\"cta-blue-section\" data-category=\"cta\">\n<div  class=\"gridContainer\">\n<div  class=\"row middle-xs\">\n<div  class=\"col-sm-8 space-bottom-xs\" data-type=\"column\">\n<h3  class=\"\">M\u016f\u017eeme pro V\u00e1s n\u011bco ud\u011blat? Ozv\u011bte se.<\/h3>\n<\/div>\n<div  class=\"col-sm-4 end-sm\" data-type=\"column\"><a class=\"button color2\" href=\"https:\/\/www.mgcredit.cz\/index.php\/kontakt\" rel=\"noopener\" data-cp-link=\"1\" data-icon=\"\" target=\"_self\">OZVAT SE<\/a><\/div>\n<\/div>\n<\/div>\n<\/div><div  id=\"overlappable-3\" class=\"overlappable-2 content-section content-section-spacing content-relative\" style=\"background-color: #ffffff; background-image: none;\" data-label=\"Overlappable\" data-id=\"overlappable--3\" data-export-id=\"overlappable-2\" data-category=\"overlappable\" data-overlap=\"true\">\n<div  class=\"section-separator-top\"><\/div>\n<div  class=\"gridContainer\">\n<div  class=\"row middle-sm shadow-medium bg-color-white\">\n<div  class=\"col-xs-12 col-sm-4 top-sm col-padding col-padding-xs\" data-type=\"column\">\n<h3  class=\"font-300\">Ka\u017ed\u00fd klient je jin\u00fd, proto se jeho pot\u0159eba st\u00e1v\u00e1 pro n\u00e1s v\u00fdzvou a prioritou.<\/h3>\n<p  class=\"\">Osobitost, profesionalita a n\u011bco nav\u00edc.<\/p>\n\n<\/div>\n<div  class=\"col-xs-12 col-sm-8\">\n<div  class=\"row\" data-type=\"row\">\n<div  class=\"col-xs-12 col-sm-6 col-padding col-padding-small-xs\"><i  class=\"fa icon fa-user bordered round color1\"><\/i>\n<h5  class=\"\">TRADICE<\/h5>\n<p  class=\"\">Na\u0161e spole\u010dnost ji\u017e 30 let nab\u00edz\u00ed sv\u00fdm klient\u016fm vysokou odbornost, seri\u00f3znost a hlavn\u011b preciznost v tom, co d\u011bl\u00e1me.<\/p>\n\n<\/div>\n<div  class=\"col-xs-12 col-sm-6 col-padding col-padding-small-xs\"><i  class=\"fa icon fa-book bordered round color1\"><\/i>\n<h5  class=\"\">AUDITY<\/h5>\n<p  class=\"\">Na\u0161\u00edm c\u00edlem je v\u017edy poskytnou odpov\u00eddaj\u00edc\u00ed garanci a uji\u0161t\u011bn\u00ed.<\/p>\n\n<\/div>\n<div  class=\"col-xs-12 col-sm-6 col-padding col-padding-small-xs\"><i  class=\"fa icon fa-university bordered round color1\"><\/i>\n<h5  class=\"\">DAN\u011a<\/h5>\n<p  class=\"\">D\u016fsledn\u00e1, komplexn\u00ed anal\u00fdza a odborn\u00e1 znalost je cestou k&nbsp;vytvo\u0159en\u00ed bezpe\u010dn\u00e9ho da\u0148ov\u00e9ho prost\u0159ed\u00ed klienta.<\/p>\n\n<\/div>\n<div  class=\"col-xs-12 col-sm-6 col-padding col-padding-small-xs\"><\/div>\n<\/div>\n<\/div>\n<\/div>\n<\/div>\n<\/div>","protected":false},"excerpt":{"rendered":"<p>M\u016f\u017eeme pro V\u00e1s n\u011bco ud\u011blat? Ozv\u011bte se. OZVAT SE Ka\u017ed\u00fd klient je jin\u00fd, proto se jeho pot\u0159eba st\u00e1v\u00e1 pro n\u00e1s v\u00fdzvou a prioritou. Osobitost, profesionalita a n\u011bco nav\u00edc. TRADICE Na\u0161e spole\u010dnost ji\u017e 30 let nab\u00edz\u00ed sv\u00fdm klient\u016fm vysokou odbornost, seri\u00f3znost a hlavn\u011b preciznost v tom, co d\u011bl\u00e1me. AUDITY Na\u0161\u00edm c\u00edlem je v\u017edy poskytnou odpov\u00eddaj\u00edc\u00ed garanci&hellip; <br \/> <a class=\"read-more\" href=\"https:\/\/www.mgcredit.cz\/\">Read more<\/a><\/p>\n","protected":false},"author":1,"featured_media":0,"parent":0,"menu_order":0,"comment_status":"closed","ping_status":"closed","template":"page-templates\/homepage.php","meta":[],"_links":{"self":[{"href":"https:\/\/www.mgcredit.cz\/index.php\/wp-json\/wp\/v2\/pages\/806"}],"collection":[{"href":"https:\/\/www.mgcredit.cz\/index.php\/wp-json\/wp\/v2\/pages"}],"about":[{"href":"https:\/\/www.mgcredit.cz\/index.php\/wp-json\/wp\/v2\/types\/page"}],"author":[{"embeddable":true,"href":"https:\/\/www.mgcredit.cz\/index.php\/wp-json\/wp\/v2\/users\/1"}],"replies":[{"embeddable":true,"href":"https:\/\/www.mgcredit.cz\/index.php\/wp-json\/wp\/v2\/comments?post=806"}],"version-history":[{"count":28,"href":"https:\/\/www.mgcredit.cz\/index.php\/wp-json\/wp\/v2\/pages\/806\/revisions"}],"predecessor-version":[{"id":1188,"href":"https:\/\/www.mgcredit.cz\/index.php\/wp-json\/wp\/v2\/pages\/806\/revisions\/1188"}],"wp:attachment":[{"href":"https:\/\/www.mgcredit.cz\/index.php\/wp-json\/wp\/v2\/media?parent=806"}],"curies":[{"name":"wp","href":"https:\/\/api.w.org\/{rel}","templated":true}]}}