{"id":877,"date":"2021-05-27T11:14:34","date_gmt":"2021-05-27T11:14:34","guid":{"rendered":"https:\/\/new.mgcredit.cz\/?page_id=877"},"modified":"2024-04-27T18:41:10","modified_gmt":"2024-04-27T18:41:10","slug":"o-nas","status":"publish","type":"page","link":"https:\/\/www.mgcredit.cz\/index.php\/o-nas\/","title":{"rendered":"O n\u00e1s"},"content":{"rendered":"<div  id=\"about-1\" class=\"about-3 content-section content-section-spacing\" style=\"background-color: #f5fafd; background-image: none;\" data-label=\"About\" data-id=\"about--1\" data-export-id=\"about-3\" data-category=\"about\">\n<div  class=\"gridContainer\">\n<div  class=\"row\">\n<div  class=\"col-sm-6 col-padding-small-xs col-sm-padding-large bg-color5 white-text content-col\" data-type=\"column\">\n<h2  class=\"\">MG Credit s.r.o.<\/h2>\n<p  class=\"\"><span  class=\"\" style=\"font-size: inherit;\">je \u010deskou spole\u010dnost\u00ed, kter\u00e1 ji\u017e t\u00e9m\u011b\u0159 30 let nab\u00edz\u00ed&nbsp; sv\u00fdm klient\u016fm slu\u017eby, kter\u00e9 poskytuj\u00ed z\u00e1ruku a ubezpe\u010den\u00ed k p\u0159\u00edslu\u0161n\u00fdm ekonomick\u00fdch skute\u010dnostem.<\/span><\/p>\n<p  class=\"\">Preferujeme profesion\u00e1ln\u00ed slu\u017ebu se zam\u011b\u0159en\u00edm na \u00fazk\u00fd kontakt s klientem. Nab\u00edz\u00edme komplexn\u00ed slu\u017ebu, kter\u00e1 m\u00e1 za c\u00edl poskytnou na\u0161im klient\u016fm nejen garanci a ubezpe\u010den\u00ed o relevantn\u00edch ekonomick\u00fdch skute\u010dnostech ale z\u00e1rove\u0148 V\u00e1m chce pomoci chr\u00e1nit a zdokonalovat Va\u0161i ka\u017edodenn\u00ed pr\u00e1ci.<\/p>\n<p  class=\"\">Z\u00e1kladem t\u00e9to cesty jsou zku\u0161enosti, kter\u00e9 jsme od za\u010d\u00e1tku na\u0161eho p\u016fsoben\u00ed v roce1994 z\u00edskali. C\u00edlem bylo nastavit efektivn\u00ed , funguj\u00edc\u00ed syst\u00e9my a procesy \u0159\u00edzen\u00ed na\u0161\u00ed pr\u00e1ce a p\u0159edev\u0161\u00edm sestavit t\u00fdm \u0161pi\u010dkov\u00fdch odborn\u00edk\u016f.<\/p>\n<p  class=\"\">Svou dlouhodobou \u010dinnost\u00ed, odbornost\u00ed a loajalitou chceme p\u0159isp\u00edvat ke zvy\u0161ov\u00e1n\u00ed hodnoty podnik\u016f na\u0161ich klient\u016f .&nbsp; C\u00edlem je tak\u00e9 p\u0159isp\u011bt k efektivit\u011b a spr\u00e1vnosti Va\u0161ich rozhodnut\u00ed pro budouc\u00ed efektivn\u00ed a udr\u017eiteln\u00e9 fungov\u00e1n\u00ed Va\u0161ich podnik\u016f v ekonomick\u00e9 oblasti.<\/p>\n<p  class=\"\">Pokud m\u00e1me spole\u010dnou cestu a c\u00edle, budeme velmi r\u00e1di, pokud n\u00e1m budete d\u016fv\u011b\u0159ovat a budete n\u00e1s osobn\u011b kontaktovat.<\/p>\n<\/div>\n<div  class=\"col-sm-6 no-gutter-col flexbox-strech center-xs middle-xs\">\n<div  class=\"lightbox-video dark-overlay shadow-large overlap-x-large flexbox middle-xs center-xs\" data-type=\"group\" data-bg=\"image\" style=\"background-image: url(&quot;https:\/\/extendthemes.com\/assets\/mesmerize\/sections-images\/project2.jpg&quot;);\">&nbsp;<\/div>\n<\/div>\n<\/div>\n<\/div>\n<\/div><div  id=\"team-1\" class=\"team-1 content-section content-section-spacing\" style=\"background-color: #f5fafd;\" data-label=\"Team\" data-id=\"team--1\" data-export-id=\"team-1\" data-category=\"team\">\n<div  class=\"gridContainer\">\n<div  class=\"row text-center\">\n<div  class=\"section-title-col\" data-type=\"column\">\n<h2  class=\"\">N\u00e1\u0161 t\u00fdm<\/h2>\n\n<\/div>\n<\/div>\n<div  class=\"row spaced-cols content-center-sm center-sm\" data-type=\"row\">\n<div  class=\"col-xs-12 col-sm-6 col-md-3\">\n<div  class=\"card bottom-border-color1 no-padding no-shadow\"><img decoding=\"async\"  class=\"face\" src=\"http:\/\/new.mgcredit.cz\/wp-content\/uploads\/2023\/01\/cropped-MH-1.jpg\" title=\"cropped-MH-1.jpg\" alt=\"\">\n<p >&nbsp;<\/p>\n<div  class=\"col-padding-small col-padding-small-xs description-container\" data-type=\"column\">\n<h4  class=\"font-500\">Miroslav Hlad\u00edk<\/h4>\n<p  class=\"small\" style=\"font-style: italic;\">auditor\n<br >da\u0148ov\u00fd poradce<\/p>\n<div  class=\"social-icons-group\" data-type=\"group\">&nbsp;<\/div>\n<\/div>\n<\/div>\n<\/div>\n<div  class=\"col-xs-12 col-sm-6 col-md-3\">\n<div  class=\"card bottom-border-color1 no-padding no-shadow\"><img decoding=\"async\"  class=\"face\" src=\"http:\/\/new.mgcredit.cz\/wp-content\/uploads\/2023\/01\/cropped-EH.jpg\" title=\"cropped-EH.jpg\" alt=\"\">\n<p >&nbsp;<\/p>\n<div  class=\"col-padding-small col-padding-small-xs description-container\" data-type=\"column\">\n<h4  class=\"font-500\">Eva Hrn\u010d\u00ed\u0159ov\u00e1<\/h4>\n<p  class=\"small\" style=\"font-style: italic;\">senior manager\n<br >auditn\u00ed zak\u00e1zky<\/p>\n<div  class=\"social-icons-group\" data-type=\"group\">&nbsp;<\/div>\n<\/div>\n<\/div>\n<\/div>\n<div  class=\"col-xs-12 col-sm-6 col-md-3\">\n<div  class=\"card bottom-border-color1 no-padding no-shadow\"><img decoding=\"async\"  class=\"face\" src=\"http:\/\/new.mgcredit.cz\/wp-content\/uploads\/2023\/01\/cropped-TP.jpg\" title=\"cropped-TP.jpg\" alt=\"\">\n<p >&nbsp;<\/p>\n<div  class=\"col-padding-small col-padding-small-xs description-container\" data-type=\"column\">\n<h4  class=\"font-500\">Tom\u00e1\u0161 Pe\u0161ek<\/h4>\n<p  class=\"small\" style=\"font-style: italic;\">manager auditn\u00ed\n<br >zak\u00e1zky<\/p>\n<div  class=\"social-icons-group\" data-type=\"group\">&nbsp;<\/div>\n<\/div>\n<\/div>\n<\/div>\n<div  class=\"col-xs-12 col-sm-6 col-md-3\">\n<div  class=\"card bottom-border-color1 no-padding no-shadow\"><img decoding=\"async\"  class=\"face\" src=\"http:\/\/new.mgcredit.cz\/wp-content\/uploads\/2023\/01\/cropped-ZR-1.jpg\" title=\"cropped-ZR-1.jpg\" alt=\"\">\n<p >&nbsp;<\/p>\n<div  class=\"col-padding-small col-padding-small-xs description-container\" data-type=\"column\">\n<h4  class=\"font-500\">Zdena Revendov\u00e1<\/h4>\n<p  class=\"small\" style=\"font-style: italic;\">manager auditn\u00ed\n<br >zak\u00e1zky<\/p>\n<div  class=\"social-icons-group\" data-type=\"group\">&nbsp;<\/div>\n<\/div>\n<\/div>\n<\/div>\n<div  class=\"col-xs-12 col-sm-6 col-md-3\">\n<div  class=\"card bottom-border-color1 no-padding no-shadow\"><img decoding=\"async\"  class=\"face\" src=\"http:\/\/new.mgcredit.cz\/wp-content\/uploads\/2023\/01\/cropped-ZZ.jpg\" title=\"cropped-ZZ.jpg\" alt=\"\">\n<p >&nbsp;<\/p>\n<div  class=\"col-padding-small col-padding-small-xs description-container\" data-type=\"column\">\n<h4  class=\"font-500\">Zuzana \u017d\u00e1kov\u00e1<\/h4>\n<p  class=\"small\" style=\"font-style: italic;\">personal manager\n<br ><span style=\"color: rgb(247, 248, 249);\" >.<\/span><\/p>\n<div  class=\"social-icons-group\" data-type=\"group\">&nbsp;<\/div>\n<\/div>\n<\/div>\n<\/div><div  class=\"col-xs-12 col-sm-6 col-md-3\">\n<div  class=\"card bottom-border-color1 no-padding no-shadow\"><img decoding=\"async\"  class=\"face\" src=\"http:\/\/www.mgcredit.cz\/wp-content\/uploads\/2018\/07\/cropped-pexels-photo-938963-1.jpeg\" title=\"cropped-pexels-photo-938963-1.jpeg\" alt=\"\">\n<p >&nbsp;<\/p>\n<div  class=\"col-padding-small col-padding-small-xs description-container\" data-type=\"column\">\n<h4  class=\"font-500\">Lucie Struha\u0159ov\u00e1<\/h4>\n<p  class=\"small\" style=\"font-style: italic;\">senior manager<br >\nda\u0148ov\u00fd poradce<\/p>\n<div  class=\"social-icons-group\" data-type=\"group\">&nbsp;<\/div>\n<\/div>\n<\/div>\n<\/div><\/div>\n<\/div>\n<\/div>","protected":false},"excerpt":{"rendered":"<p>MG Credit s.r.o. je \u010deskou spole\u010dnost\u00ed, kter\u00e1 ji\u017e t\u00e9m\u011b\u0159 30 let nab\u00edz\u00ed&nbsp; sv\u00fdm klient\u016fm slu\u017eby, kter\u00e9 poskytuj\u00ed z\u00e1ruku a ubezpe\u010den\u00ed k p\u0159\u00edslu\u0161n\u00fdm ekonomick\u00fdch skute\u010dnostem. Preferujeme profesion\u00e1ln\u00ed slu\u017ebu se zam\u011b\u0159en\u00edm na \u00fazk\u00fd kontakt s klientem. Nab\u00edz\u00edme komplexn\u00ed slu\u017ebu, kter\u00e1 m\u00e1 za c\u00edl poskytnou na\u0161im klient\u016fm nejen garanci a ubezpe\u010den\u00ed o relevantn\u00edch ekonomick\u00fdch skute\u010dnostech ale z\u00e1rove\u0148 V\u00e1m&hellip; <br \/> <a class=\"read-more\" href=\"https:\/\/www.mgcredit.cz\/index.php\/o-nas\/\">Read more<\/a><\/p>\n","protected":false},"author":1,"featured_media":0,"parent":0,"menu_order":0,"comment_status":"closed","ping_status":"closed","template":"pro\/page-templates\/boxed-page-with-small-header.php","meta":[],"_links":{"self":[{"href":"https:\/\/www.mgcredit.cz\/index.php\/wp-json\/wp\/v2\/pages\/877"}],"collection":[{"href":"https:\/\/www.mgcredit.cz\/index.php\/wp-json\/wp\/v2\/pages"}],"about":[{"href":"https:\/\/www.mgcredit.cz\/index.php\/wp-json\/wp\/v2\/types\/page"}],"author":[{"embeddable":true,"href":"https:\/\/www.mgcredit.cz\/index.php\/wp-json\/wp\/v2\/users\/1"}],"replies":[{"embeddable":true,"href":"https:\/\/www.mgcredit.cz\/index.php\/wp-json\/wp\/v2\/comments?post=877"}],"version-history":[{"count":27,"href":"https:\/\/www.mgcredit.cz\/index.php\/wp-json\/wp\/v2\/pages\/877\/revisions"}],"predecessor-version":[{"id":1166,"href":"https:\/\/www.mgcredit.cz\/index.php\/wp-json\/wp\/v2\/pages\/877\/revisions\/1166"}],"wp:attachment":[{"href":"https:\/\/www.mgcredit.cz\/index.php\/wp-json\/wp\/v2\/media?parent=877"}],"curies":[{"name":"wp","href":"https:\/\/api.w.org\/{rel}","templated":true}]}}