{"id":879,"date":"2021-05-27T11:14:44","date_gmt":"2021-05-27T11:14:44","guid":{"rendered":"https:\/\/new.mgcredit.cz\/?page_id=879"},"modified":"2023-01-18T19:10:32","modified_gmt":"2023-01-18T19:10:32","slug":"dane","status":"publish","type":"page","link":"https:\/\/www.mgcredit.cz\/index.php\/dane\/","title":{"rendered":"Dan\u011b"},"content":{"rendered":"<div  data-label=\"Content\" data-id=\"content--1\" data-export-id=\"content-12\" data-category=\"content\" class=\"content-12 content-section content-section-spacing\" id=\"content-1\" style=\"background-color: rgb(245, 250, 253);\"><div  class=\"gridContainer\"> <div  class=\"row text-center\"><div  class=\"section-title-col\" data-type=\"column\"> <h2  class=\"\">Bezpe\u010dn\u00e9 dan\u011b<\/h2> <p  class=\"lead\">Na\u0161\u00edm posl\u00e1n\u00edm je poskytovat vysoce odbornou, profesion\u00e1ln\u00ed , efektivn\u00ed a bezpe\u010dnou slu\u017ebu , kter\u00e1 na\u0161im klient\u016fm zajist\u00ed identifikaci da\u0148ov\u00fdch rizik, komplexn\u00ed n\u00e1vrh \u0159e\u0161en\u00ed dan\u00fdch oblast\u00ed a pr\u016fb\u011b\u017enou p\u00e9\u010di o tuto oblast v dlouhodob\u00e9m horizontu spadaj\u00edc\u00ed do legislativy \u010cesk\u00e9 republiky.<\/p><\/div> <\/div> <div  class=\"row center-xs middle-xs\"> <div  class=\"col-sm-9\" data-type=\"column\"> <img decoding=\"async\"  class=\"shadow-large\" src=\"http:\/\/new.mgcredit.cz\/wp-content\/uploads\/2018\/07\/cropped-pexels-photo-938963.jpeg\" title=\"cropped-pexels-photo-938963.jpeg\" alt=\"\"><\/div> <\/div><\/div> <\/div><div  data-label=\"Overlappable\" data-id=\"overlappable--1\" data-export-id=\"overlappable-1\" data-category=\"overlappable\" class=\"overlappable-1 content-section content-section-spacing\" data-overlap=\"true\" id=\"overlappable-1\" style=\"background-color: rgb(255, 255, 255);\"><div  class=\"gridContainer\"> <div  data-type=\"row\" class=\"row shadow-medium\"><div  data-type=\"column\" class=\"col-xs-12 col-sm-4 flexcol bg-color-white col-padding col-padding-small-xs\"> <i  class=\"fa icon fa-align-left color2\"><\/i> <h5  class=\"\">D\u016eSLEDN\u00c1 A KOMPLEXN\u00cd ANAL\u00ddZA \u010cINNOST\u00cd, PROCES\u016e A SYST\u00c9M\u016e FIRMY DOT\u00ddKAJ\u00cdC\u00cd SE DA\u0147OV\u00c9 PROBLEMATIKY SPOLE\u010cNOSTI.<\/h5> <p  class=\"\">Dle t\u00e9to anal\u00fdzy m\u016f\u017eeme identifikovat, ov\u011b\u0159it a garantovat bezpe\u010dnost jednotliv\u00fdch oblast\u00ed, v\u010detn\u011b n\u00e1vrh\u016f na zlep\u0161en\u00ed efektivnosti a vyu\u017eitelnosti t\u011bchto proces\u016f pro firmu jak z hlediska spr\u00e1vn\u00e9ho posouzen\u00ed da\u0148ov\u00fdch p\u0159\u00edpad\u016f, dlouhodob\u00e9ho nastaven\u00ed bezpe\u010dn\u00e9ho prost\u0159edn\u00ed identifikuj\u00edc\u00ed p\u0159\u00edslu\u0161n\u00e9 rizika a schopnost samostatn\u00e9ho \u0159e\u0161en\u00ed opakovan\u00fdch rizik a oblast\u00ed. C\u00edlem je d\u00e1le i poskytov\u00e1n\u00ed pr\u016fb\u011b\u017en\u00e9ho informa\u010dn\u00edho da\u0148ov\u00e9ho servisu.<\/p> <\/div> <div  data-type=\"column\" class=\"col-xs-12 col-sm-4 flexcol col-padding col-padding-small-xs inverted bg-color2\"><i  class=\"fa icon fa-cubes white\"><\/i> <h5  class=\"inverted\">Z\u00c1KLADN\u00cd HODNOTY, ZE KTER\u00ddCH VYCH\u00c1Z\u00cdME<\/h5> <p  class=\"\">Odbornost, spolehlivost, slu\u017eba, profesionalita, nez\u00e1vislost, efektivnost, d\u016fslednost, schopnost analyzovat a realizovat p\u0159\u00edslu\u0161n\u00e1 opat\u0159en\u00ed.<\/p> <\/div> <div  data-type=\"column\" class=\"col-xs-12 col-sm-4 flexcol bg-color6 col-padding col-padding-small-xs inverted\"><i  class=\"fa icon fa-paper-plane color3\"><\/i> <h5  class=\"inverted\">N\u00c1\u0160 P\u0158\u00cdSTUP<\/h5> <p  class=\"\">P\u0159i poskytov\u00e1n\u00ed na\u0161ich da\u0148ov\u00fdch slu\u017eeb se v\u017edy sna\u017e\u00edme p\u0159ipravit pro klienta takov\u00e9 \u0159e\u0161en\u00ed, kter\u00e9 v dan\u00e9m okam\u017eiku a v z\u00e1vislosti na informac\u00edch, kter\u00e9 m\u00e1me k p\u0159\u00edslu\u0161n\u00e9mu okam\u017eiku k dispozici, pova\u017eujeme za nejlep\u0161\u00ed, bezpe\u010dn\u00e9 a udr\u017eiteln\u00e9.<br >\nToto, pros\u00edm, m\u011bjte na pam\u011bti, pokud budete v budoucnu n\u00e1mi doporu\u010den\u00e9 \u0159e\u0161en\u00ed hodnotit. Pokud nejsme stoprocentn\u011b p\u0159esv\u011bd\u010deni, \u017ee m\u016f\u017eeme klientovi pomoci s \u0159e\u0161en\u00edm jeho probl\u00e9m\u016f, spolupr\u00e1ci v\u016fbec nezah\u00e1j\u00edme, pop\u0159\u00edpad\u011b ji ukon\u010d\u00edme \u010di doporu\u010d\u00edme jej\u00ed \u0159e\u0161en\u00ed p\u0159\u00edslu\u0161n\u00fdm odborn\u00edkem. Nerozli\u0161ujeme na\u0161e klienty na mal\u00e9 a velk\u00e9, na v\u00edce d\u016fle\u017eit\u00e9 a m\u00e9n\u011b d\u016fle\u017eit\u00e9. Ka\u017ed\u00fd, kdo akceptuje na\u0161e podm\u00ednky, od n\u00e1s dostane maximum na\u0161ich schopnost\u00ed. Na\u0161e \u010dinnost je podnik\u00e1n\u00edm s c\u00edlem dosa\u017een\u00ed p\u0159im\u011b\u0159en\u00e9ho zisku. Cena za na\u0161e slu\u017eby mus\u00ed odr\u00e1\u017eet hodnotu poskytnut\u00fdch slu\u017eeb a z\u00e1rove\u0148 mus\u00ed b\u00fdt klientem pova\u017eov\u00e1na za odpov\u00eddaj\u00edc\u00ed. Chceme konkurovat p\u0159edev\u0161\u00edm kvalitou sv\u00fdch slu\u017eeb.<\/p> <\/div> <\/div><\/div> <\/div>","protected":false},"excerpt":{"rendered":"<p>Bezpe\u010dn\u00e9 dan\u011b Na\u0161\u00edm posl\u00e1n\u00edm je poskytovat vysoce odbornou, profesion\u00e1ln\u00ed , efektivn\u00ed a bezpe\u010dnou slu\u017ebu , kter\u00e1 na\u0161im klient\u016fm zajist\u00ed identifikaci da\u0148ov\u00fdch rizik, komplexn\u00ed n\u00e1vrh \u0159e\u0161en\u00ed dan\u00fdch oblast\u00ed a pr\u016fb\u011b\u017enou p\u00e9\u010di o tuto oblast v dlouhodob\u00e9m horizontu spadaj\u00edc\u00ed do legislativy \u010cesk\u00e9 republiky. D\u016eSLEDN\u00c1 A KOMPLEXN\u00cd ANAL\u00ddZA \u010cINNOST\u00cd, PROCES\u016e A SYST\u00c9M\u016e FIRMY DOT\u00ddKAJ\u00cdC\u00cd SE DA\u0147OV\u00c9 PROBLEMATIKY SPOLE\u010cNOSTI.&hellip; <br \/> <a class=\"read-more\" href=\"https:\/\/www.mgcredit.cz\/index.php\/dane\/\">Read more<\/a><\/p>\n","protected":false},"author":1,"featured_media":0,"parent":0,"menu_order":0,"comment_status":"closed","ping_status":"closed","template":"pro\/page-templates\/boxed-page-with-small-header.php","meta":[],"_links":{"self":[{"href":"https:\/\/www.mgcredit.cz\/index.php\/wp-json\/wp\/v2\/pages\/879"}],"collection":[{"href":"https:\/\/www.mgcredit.cz\/index.php\/wp-json\/wp\/v2\/pages"}],"about":[{"href":"https:\/\/www.mgcredit.cz\/index.php\/wp-json\/wp\/v2\/types\/page"}],"author":[{"embeddable":true,"href":"https:\/\/www.mgcredit.cz\/index.php\/wp-json\/wp\/v2\/users\/1"}],"replies":[{"embeddable":true,"href":"https:\/\/www.mgcredit.cz\/index.php\/wp-json\/wp\/v2\/comments?post=879"}],"version-history":[{"count":10,"href":"https:\/\/www.mgcredit.cz\/index.php\/wp-json\/wp\/v2\/pages\/879\/revisions"}],"predecessor-version":[{"id":1127,"href":"https:\/\/www.mgcredit.cz\/index.php\/wp-json\/wp\/v2\/pages\/879\/revisions\/1127"}],"wp:attachment":[{"href":"https:\/\/www.mgcredit.cz\/index.php\/wp-json\/wp\/v2\/media?parent=879"}],"curies":[{"name":"wp","href":"https:\/\/api.w.org\/{rel}","templated":true}]}}