{"id":993,"date":"2021-09-21T17:41:36","date_gmt":"2021-09-21T17:41:36","guid":{"rendered":"https:\/\/new.mgcredit.cz\/?page_id=993"},"modified":"2025-04-30T08:08:15","modified_gmt":"2025-04-30T08:08:15","slug":"vyrocni-zpravy","status":"publish","type":"page","link":"https:\/\/www.mgcredit.cz\/index.php\/vyrocni-zpravy\/","title":{"rendered":"V\u00fdro\u010dn\u00ed zpr\u00e1vy"},"content":{"rendered":"<div  data-label=\"Content\" data-id=\"content--2\" data-export-id=\"content-7\" data-category=\"content\" class=\"content-7 content-section content-section-spacing content-relative\" id=\"content-2\" style=\"background-color: rgb(245, 250, 253);\"><div  class=\"gridContainer\"> <div  class=\"row middle-sm\"><div  class=\"col-sm-6 space-bottom-xs\" data-type=\"column\"> <h2  class=\"\">V\u00fdro\u010dn\u00ed zpr\u00e1vy o pr\u016fhlednosti<\/h2>  <a class=\"button color1\" href=\"http:\/\/www.mgcredit.cz\/wp-content\/uploads\/2025\/04\/zprava2024.pdf\" target=\"_blank\" data-cp-link=\"1\" data-icon=\"\" rel=\"noopener\">2024<\/a><a class=\"button color1\" href=\"https:\/\/www.mgcredit.cz\/wp-content\/uploads\/2024\/10\/zprava2023_new3.pdf\" target=\"_blank\" data-cp-link=\"1\" data-icon=\"\" rel=\"noopener\">2023 nov\u00e1<\/a><a class=\"button color1\" href=\"https:\/\/www.mgcredit.cz\/wp-content\/uploads\/2024\/04\/zprava2023.pdf\" target=\"_blank\" data-cp-link=\"1\" data-icon=\"\" rel=\"noopener\">2023<\/a><a class=\"button color1\" href=\"https:\/\/www.mgcredit.cz\/wp-content\/uploads\/2023\/04\/zprava2022.pdf\" target=\"_blank\" data-cp-link=\"1\" data-icon=\"\" rel=\"noopener\">2022<\/a><a class=\"button color1\" href=\"https:\/\/www.mgcredit.cz\/wp-content\/uploads\/2021\/10\/zprava2021.pdf\" target=\"_blank\" data-cp-link=\"1\" data-icon=\"\" rel=\"noopener\">2021<\/a><a class=\"button color1\" href=\"https:\/\/www.mgcredit.cz\/wp-content\/uploads\/2021\/10\/zprava2020.pdf\" target=\"_blank\" data-cp-link=\"1\" data-icon=\"\" rel=\"noopener\">2020<\/a><a class=\"button color1\" href=\"https:\/\/www.mgcredit.cz\/wp-content\/uploads\/2021\/10\/zprava2019.pdf\" target=\"_blank\" data-cp-link=\"1\" data-icon=\"\" rel=\"noopener\">2019<\/a><a class=\"button color1\" href=\"https:\/\/www.mgcredit.cz\/wp-content\/uploads\/2021\/10\/zprava2018.pdf\" target=\"_blank\" data-cp-link=\"1\" data-icon=\"\" rel=\"noopener\">2018<\/a><a class=\"button color1\" href=\"https:\/\/www.mgcredit.cz\/wp-content\/uploads\/2021\/10\/zprava2017.pdf\" target=\"_blank\" data-cp-link=\"1\" data-icon=\"\" rel=\"noopener\">2017<\/a><a class=\"button color1\" href=\"https:\/\/www.mgcredit.cz\/wp-content\/uploads\/2021\/10\/zprava2016.pdf\" target=\"_blank\" data-cp-link=\"1\" data-icon=\"\" rel=\"noopener\">2016<\/a><a class=\"button color1\" href=\"https:\/\/www.mgcredit.cz\/wp-content\/uploads\/2021\/10\/zprava2015.pdf\" target=\"_blank\" data-cp-link=\"1\" data-icon=\"\" rel=\"noopener\">2015<\/a><a class=\"button color1\" href=\"https:\/\/www.mgcredit.cz\/wp-content\/uploads\/2021\/10\/zprava2014.pdf\" target=\"_blank\" data-cp-link=\"1\" data-icon=\"\" rel=\"noopener\">2014<\/a><a class=\"button color1\" href=\"https:\/\/www.mgcredit.cz\/wp-content\/uploads\/2021\/10\/zprava2013.pdf\" target=\"_blank\" data-cp-link=\"1\" data-icon=\"\" rel=\"noopener\">2013<\/a><a class=\"button color1\" href=\"https:\/\/www.mgcredit.cz\/wp-content\/uploads\/2021\/10\/zprava2012.pdf\" target=\"_blank\" data-cp-link=\"1\" data-icon=\"\" rel=\"noopener\">2012<\/a><a class=\"button color1\" href=\"https:\/\/www.mgcredit.cz\/wp-content\/uploads\/2021\/10\/zprava2011.pdf\" target=\"_blank\" data-cp-link=\"1\" data-icon=\"\" rel=\"noopener\">2011<\/a><a class=\"button color1\" href=\"https:\/\/www.mgcredit.cz\/wp-content\/uploads\/2021\/10\/zprava2010.pdf\" target=\"_blank\" data-cp-link=\"1\" data-icon=\"\" rel=\"noopener\">2010<\/a><a class=\"button color1\" href=\"https:\/\/www.mgcredit.cz\/wp-content\/uploads\/2021\/10\/zprava2009.pdf\" target=\"_blank\" data-cp-link=\"1\" data-icon=\"\" rel=\"noopener\">2009<\/a><\/div> <div  class=\"col-sm-6\" data-type=\"column\"> <a data-cp-link=\"1\" href=\"#\" class=\"\" target=\"_self\" rel=\"noopener\"><img  decoding=\"async\" class=\"shadow-large\" src=\"https:\/\/www.mgcredit.cz\/wp-content\/plugins\/mesmerize-companion\/theme-data\/mesmerize\/sections\/images\/apple-1838564.jpg\"><\/a><\/div> <\/div><\/div> <\/div>","protected":false},"excerpt":{"rendered":"<p>V\u00fdro\u010dn\u00ed zpr\u00e1vy o pr\u016fhlednosti 20242023 nov\u00e1202320222021202020192018201720162015201420132012201120102009<\/p>\n","protected":false},"author":1,"featured_media":0,"parent":0,"menu_order":0,"comment_status":"closed","ping_status":"closed","template":"pro\/page-templates\/boxed-page-with-small-header.php","meta":[],"_links":{"self":[{"href":"https:\/\/www.mgcredit.cz\/index.php\/wp-json\/wp\/v2\/pages\/993"}],"collection":[{"href":"https:\/\/www.mgcredit.cz\/index.php\/wp-json\/wp\/v2\/pages"}],"about":[{"href":"https:\/\/www.mgcredit.cz\/index.php\/wp-json\/wp\/v2\/types\/page"}],"author":[{"embeddable":true,"href":"https:\/\/www.mgcredit.cz\/index.php\/wp-json\/wp\/v2\/users\/1"}],"replies":[{"embeddable":true,"href":"https:\/\/www.mgcredit.cz\/index.php\/wp-json\/wp\/v2\/comments?post=993"}],"version-history":[{"count":25,"href":"https:\/\/www.mgcredit.cz\/index.php\/wp-json\/wp\/v2\/pages\/993\/revisions"}],"predecessor-version":[{"id":1184,"href":"https:\/\/www.mgcredit.cz\/index.php\/wp-json\/wp\/v2\/pages\/993\/revisions\/1184"}],"wp:attachment":[{"href":"https:\/\/www.mgcredit.cz\/index.php\/wp-json\/wp\/v2\/media?parent=993"}],"curies":[{"name":"wp","href":"https:\/\/api.w.org\/{rel}","templated":true}]}}